{"id":947,"date":"2016-11-06T18:38:51","date_gmt":"2016-11-06T17:38:51","guid":{"rendered":"http:\/\/die-stempelzwerge.de\/?page_id=947"},"modified":"2024-11-13T11:18:57","modified_gmt":"2024-11-13T10:18:57","slug":"stampinup-2","status":"publish","type":"page","link":"https:\/\/www.nordseestemplerin.de\/index.php\/stampinup-2\/","title":{"rendered":"Stampin&#8217;Up!"},"content":{"rendered":"\t\t<div data-elementor-type=\"wp-page\" data-elementor-id=\"947\" class=\"elementor elementor-947\">\n\t\t\t\t\t\t<section class=\"elementor-section elementor-top-section elementor-element elementor-element-1bc153a3 elementor-section-boxed elementor-section-height-default elementor-section-height-default\" data-id=\"1bc153a3\" data-element_type=\"section\" data-e-type=\"section\">\n\t\t\t\t\t\t<div class=\"elementor-container elementor-column-gap-default\">\n\t\t\t\t\t<div class=\"elementor-column elementor-col-100 elementor-top-column elementor-element elementor-element-6eb4b4df\" data-id=\"6eb4b4df\" data-element_type=\"column\" data-e-type=\"column\">\n\t\t\t<div class=\"elementor-widget-wrap elementor-element-populated\">\n\t\t\t\t\t\t<div class=\"elementor-element elementor-element-1c01ba0d elementor-widget elementor-widget-text-editor\" data-id=\"1c01ba0d\" data-element_type=\"widget\" data-e-type=\"widget\" data-widget_type=\"text-editor.default\">\n\t\t\t\t<div class=\"elementor-widget-container\">\n\t\t\t\t\t\t\t\t\t<h1><\/h1>\n&nbsp;\n\n&nbsp;\n<div class=\"separator\" align=\"center\"><\/div>\t\t\t\t\t\t\t\t<\/div>\n\t\t\t\t<\/div>\n\t\t\t\t\t<\/div>\n\t\t<\/div>\n\t\t\t\t\t<\/div>\n\t\t<\/section>\n\t\t\t\t<section class=\"elementor-section elementor-top-section elementor-element elementor-element-7b256a2 elementor-section-boxed elementor-section-height-default elementor-section-height-default\" data-id=\"7b256a2\" data-element_type=\"section\" data-e-type=\"section\">\n\t\t\t\t\t\t<div class=\"elementor-container elementor-column-gap-default\">\n\t\t\t\t\t<div class=\"elementor-column elementor-col-100 elementor-top-column elementor-element elementor-element-1e58551c\" data-id=\"1e58551c\" data-element_type=\"column\" data-e-type=\"column\">\n\t\t\t<div class=\"elementor-widget-wrap elementor-element-populated\">\n\t\t\t\t\t\t<div class=\"elementor-element elementor-element-203deee0 elementor-widget elementor-widget-heading\" data-id=\"203deee0\" data-element_type=\"widget\" data-e-type=\"widget\" data-widget_type=\"heading.default\">\n\t\t\t\t<div class=\"elementor-widget-container\">\n\t\t\t\t\t<h3 class=\"elementor-heading-title elementor-size-default\">Was genau ist Stampin' UP!?<\/h3>\t\t\t\t<\/div>\n\t\t\t\t<\/div>\n\t\t\t\t\t<\/div>\n\t\t<\/div>\n\t\t\t\t\t<\/div>\n\t\t<\/section>\n\t\t\t\t<section class=\"elementor-section elementor-top-section elementor-element elementor-element-4bd8e32e elementor-section-boxed elementor-section-height-default elementor-section-height-default\" data-id=\"4bd8e32e\" data-element_type=\"section\" data-e-type=\"section\">\n\t\t\t\t\t\t<div class=\"elementor-container elementor-column-gap-default\">\n\t\t\t\t\t<div class=\"elementor-column elementor-col-50 elementor-top-column elementor-element elementor-element-1f903f2\" data-id=\"1f903f2\" data-element_type=\"column\" data-e-type=\"column\">\n\t\t\t<div class=\"elementor-widget-wrap elementor-element-populated\">\n\t\t\t\t\t\t<div class=\"elementor-element elementor-element-7e01bd95 elementor-widget elementor-widget-image\" data-id=\"7e01bd95\" data-element_type=\"widget\" data-e-type=\"widget\" data-widget_type=\"image.default\">\n\t\t\t\t<div class=\"elementor-widget-container\">\n\t\t\t\t\t\t\t\t\t\t\t\t\t\t\t<img fetchpriority=\"high\" decoding=\"async\" width=\"1024\" height=\"978\" src=\"https:\/\/www.nordseestemplerin.de\/wp-content\/uploads\/2021\/06\/SU_LOGO_NIGHTOFNAVY_WEB-1024x978.png\" class=\"attachment-large size-large wp-image-8438\" alt=\"\" srcset=\"https:\/\/www.nordseestemplerin.de\/wp-content\/uploads\/2021\/06\/SU_LOGO_NIGHTOFNAVY_WEB-1024x978.png 1024w, https:\/\/www.nordseestemplerin.de\/wp-content\/uploads\/2021\/06\/SU_LOGO_NIGHTOFNAVY_WEB-300x287.png 300w, https:\/\/www.nordseestemplerin.de\/wp-content\/uploads\/2021\/06\/SU_LOGO_NIGHTOFNAVY_WEB-768x734.png 768w, https:\/\/www.nordseestemplerin.de\/wp-content\/uploads\/2021\/06\/SU_LOGO_NIGHTOFNAVY_WEB-624x596.png 624w, https:\/\/www.nordseestemplerin.de\/wp-content\/uploads\/2021\/06\/SU_LOGO_NIGHTOFNAVY_WEB.png 1091w\" sizes=\"(max-width: 1024px) 100vw, 1024px\" \/>\t\t\t\t\t\t\t\t\t\t\t\t\t\t\t<\/div>\n\t\t\t\t<\/div>\n\t\t\t\t\t<\/div>\n\t\t<\/div>\n\t\t\t\t<div class=\"elementor-column elementor-col-50 elementor-top-column elementor-element elementor-element-4e7c12df\" data-id=\"4e7c12df\" data-element_type=\"column\" data-e-type=\"column\">\n\t\t\t<div class=\"elementor-widget-wrap elementor-element-populated\">\n\t\t\t\t\t\t<div class=\"elementor-element elementor-element-578678a9 elementor-widget elementor-widget-spacer\" data-id=\"578678a9\" data-element_type=\"widget\" data-e-type=\"widget\" data-widget_type=\"spacer.default\">\n\t\t\t\t<div class=\"elementor-widget-container\">\n\t\t\t\t\t\t\t<div class=\"elementor-spacer\">\n\t\t\t<div class=\"elementor-spacer-inner\"><\/div>\n\t\t<\/div>\n\t\t\t\t\t\t<\/div>\n\t\t\t\t<\/div>\n\t\t\t\t<div class=\"elementor-element elementor-element-702e56f8 elementor-widget elementor-widget-text-editor\" data-id=\"702e56f8\" data-element_type=\"widget\" data-e-type=\"widget\" data-widget_type=\"text-editor.default\">\n\t\t\t\t<div class=\"elementor-widget-container\">\n\t\t\t\t\t\t\t\t\t<p>Stampin&#8216; Up! ist ein Anbieter von Bastelmaterial &#8211; f\u00fcr Karten, Geschenkverpackungen oder Scrapbooking. Das umfangreiche Sortiment von Stampin&#8216; Up! bietet alles was das Bastelherz begehrt.<\/p><p>Es gibt unz\u00e4hlige Motivstempelsets, frische Farben als Stempelkissen oder Stampin&#8216; Write Marker oder Blends, durchdachte Werkzeuge, die bei der Gestaltung der pers\u00f6nlichen Note der eigenen Kreativit\u00e4t alle M\u00f6glichkeiten offen lassen. Ich bin echt noch ganz am Anfang, was das Basteln mit Stampin&#8216; Up! Produkten angeht, aber das ist nicht einfach nur &#8222;Bastelkram&#8220;. Alles ist mit Liebe zum Detail entworfen. Und es ist damit einfach, die Kreativit\u00e4t, die in jedem schlummert,\u00a0 ans Licht zu holen. Einfach anfangen und echt sch\u00f6ne wirkungsvolle Karten erzeugen.<\/p>\t\t\t\t\t\t\t\t<\/div>\n\t\t\t\t<\/div>\n\t\t\t\t\t<\/div>\n\t\t<\/div>\n\t\t\t\t\t<\/div>\n\t\t<\/section>\n\t\t\t\t<section class=\"elementor-section elementor-top-section elementor-element elementor-element-46b4aa0f elementor-section-content-middle elementor-section-boxed elementor-section-height-default elementor-section-height-default\" data-id=\"46b4aa0f\" data-element_type=\"section\" data-e-type=\"section\" data-settings=\"{&quot;background_background&quot;:&quot;classic&quot;}\">\n\t\t\t\t\t\t\t<div class=\"elementor-background-overlay\"><\/div>\n\t\t\t\t\t\t\t<div class=\"elementor-container elementor-column-gap-default\">\n\t\t\t\t\t<div class=\"elementor-column elementor-col-33 elementor-top-column elementor-element elementor-element-3babe9eb\" data-id=\"3babe9eb\" data-element_type=\"column\" data-e-type=\"column\" data-settings=\"{&quot;background_background&quot;:&quot;classic&quot;}\">\n\t\t\t<div class=\"elementor-widget-wrap elementor-element-populated\">\n\t\t\t\t\t<div class=\"elementor-background-overlay\"><\/div>\n\t\t\t\t\t\t<div class=\"elementor-element elementor-element-7fcbc53 elementor-widget elementor-widget-heading\" data-id=\"7fcbc53\" data-element_type=\"widget\" data-e-type=\"widget\" data-widget_type=\"heading.default\">\n\t\t\t\t<div class=\"elementor-widget-container\">\n\t\t\t\t\t<h3 class=\"elementor-heading-title elementor-size-default\"><h2 data-elementor-setting-key=\"title\" data-pen-placeholder=\"Eingabe hier...\" style=\"line-height: 1;font-family: var( --e-global-typography-primary-font-family ), Sans-serif;font-size: 20px;font-style: normal;font-weight: var( --e-global-typography-primary-font-weight );color: var( --e-global-color-primary );letter-spacing: normal\">Sieh dir die Kataloge an<\/h2><\/h3>\t\t\t\t<\/div>\n\t\t\t\t<\/div>\n\t\t\t\t<div class=\"elementor-element elementor-element-a5f03c9 elementor-widget elementor-widget-image\" data-id=\"a5f03c9\" data-element_type=\"widget\" data-e-type=\"widget\" data-widget_type=\"image.default\">\n\t\t\t\t<div class=\"elementor-widget-container\">\n\t\t\t\t\t\t\t\t\t\t\t\t\t\t\t<img decoding=\"async\" width=\"1024\" height=\"554\" src=\"https:\/\/www.nordseestemplerin.de\/wp-content\/uploads\/2021\/12\/2021_AC_P168_HOSTJOIN-1024x554.jpg\" class=\"attachment-large size-large wp-image-10237\" alt=\"\" srcset=\"https:\/\/www.nordseestemplerin.de\/wp-content\/uploads\/2021\/12\/2021_AC_P168_HOSTJOIN-1024x554.jpg 1024w, https:\/\/www.nordseestemplerin.de\/wp-content\/uploads\/2021\/12\/2021_AC_P168_HOSTJOIN-300x162.jpg 300w, https:\/\/www.nordseestemplerin.de\/wp-content\/uploads\/2021\/12\/2021_AC_P168_HOSTJOIN-768x415.jpg 768w, https:\/\/www.nordseestemplerin.de\/wp-content\/uploads\/2021\/12\/2021_AC_P168_HOSTJOIN-1536x831.jpg 1536w, https:\/\/www.nordseestemplerin.de\/wp-content\/uploads\/2021\/12\/2021_AC_P168_HOSTJOIN.jpg 2000w\" sizes=\"(max-width: 1024px) 100vw, 1024px\" \/>\t\t\t\t\t\t\t\t\t\t\t\t\t\t\t<\/div>\n\t\t\t\t<\/div>\n\t\t\t\t<div class=\"elementor-element elementor-element-65b58f27 elementor-widget elementor-widget-text-editor\" data-id=\"65b58f27\" data-element_type=\"widget\" data-e-type=\"widget\" data-widget_type=\"text-editor.default\">\n\t\t\t\t<div class=\"elementor-widget-container\">\n\t\t\t\t\t\t\t\t\t<p>Im Mini-Katalog gibt es viele neue witzige und vielf\u00e4ltig einsetzbare Stempelsets.<\/p>\t\t\t\t\t\t\t\t<\/div>\n\t\t\t\t<\/div>\n\t\t\t\t<div class=\"elementor-element elementor-element-3b2066a elementor-widget elementor-widget-image\" data-id=\"3b2066a\" data-element_type=\"widget\" data-e-type=\"widget\" data-widget_type=\"image.default\">\n\t\t\t\t<div class=\"elementor-widget-container\">\n\t\t\t\t\t\t\t\t\t\t\t\t\t\t\t<img decoding=\"async\" width=\"400\" height=\"315\" src=\"https:\/\/www.nordseestemplerin.de\/wp-content\/uploads\/2021\/12\/mktl_ctlg_th_de_1221_jj22.jpeg\" class=\"attachment-large size-large wp-image-10002\" alt=\"\" srcset=\"https:\/\/www.nordseestemplerin.de\/wp-content\/uploads\/2021\/12\/mktl_ctlg_th_de_1221_jj22.jpeg 400w, https:\/\/www.nordseestemplerin.de\/wp-content\/uploads\/2021\/12\/mktl_ctlg_th_de_1221_jj22-300x236.jpeg 300w\" sizes=\"(max-width: 400px) 100vw, 400px\" \/>\t\t\t\t\t\t\t\t\t\t\t\t\t\t\t<\/div>\n\t\t\t\t<\/div>\n\t\t\t\t<div class=\"elementor-element elementor-element-780ce01 elementor-widget elementor-widget-text-editor\" data-id=\"780ce01\" data-element_type=\"widget\" data-e-type=\"widget\" data-widget_type=\"text-editor.default\">\n\t\t\t\t<div class=\"elementor-widget-container\">\n\t\t\t\t\t\t\t\t\t<p>Im Jahreskatalog von 2021 findest du unz\u00e4hlige Stempelsets, Stanzen, und die aktuellen Saisonfarben und vieles mehr.<\/p>\t\t\t\t\t\t\t\t<\/div>\n\t\t\t\t<\/div>\n\t\t\t\t<div class=\"elementor-element elementor-element-edc762a elementor-widget elementor-widget-image\" data-id=\"edc762a\" data-element_type=\"widget\" data-e-type=\"widget\" data-widget_type=\"image.default\">\n\t\t\t\t<div class=\"elementor-widget-container\">\n\t\t\t\t\t\t\t\t\t\t\t\t\t\t\t<img loading=\"lazy\" decoding=\"async\" width=\"1024\" height=\"1024\" src=\"https:\/\/www.nordseestemplerin.de\/wp-content\/uploads\/2021\/12\/04.01.21_SHAREABLE_AC_CATALOG_DE-1024x1024.jpg\" class=\"attachment-large size-large wp-image-10001\" alt=\"\" srcset=\"https:\/\/www.nordseestemplerin.de\/wp-content\/uploads\/2021\/12\/04.01.21_SHAREABLE_AC_CATALOG_DE-1024x1024.jpg 1024w, https:\/\/www.nordseestemplerin.de\/wp-content\/uploads\/2021\/12\/04.01.21_SHAREABLE_AC_CATALOG_DE-300x300.jpg 300w, https:\/\/www.nordseestemplerin.de\/wp-content\/uploads\/2021\/12\/04.01.21_SHAREABLE_AC_CATALOG_DE-150x150.jpg 150w, https:\/\/www.nordseestemplerin.de\/wp-content\/uploads\/2021\/12\/04.01.21_SHAREABLE_AC_CATALOG_DE-768x768.jpg 768w, https:\/\/www.nordseestemplerin.de\/wp-content\/uploads\/2021\/12\/04.01.21_SHAREABLE_AC_CATALOG_DE.jpg 1200w\" sizes=\"(max-width: 1024px) 100vw, 1024px\" \/>\t\t\t\t\t\t\t\t\t\t\t\t\t\t\t<\/div>\n\t\t\t\t<\/div>\n\t\t\t\t<div class=\"elementor-element elementor-element-9db9d08 elementor-align-right elementor-widget elementor-widget-button\" data-id=\"9db9d08\" data-element_type=\"widget\" data-e-type=\"widget\" data-widget_type=\"button.default\">\n\t\t\t\t<div class=\"elementor-widget-container\">\n\t\t\t\t\t\t\t\t\t<div class=\"elementor-button-wrapper\">\n\t\t\t\t\t<a class=\"elementor-button elementor-button-link elementor-size-md elementor-animation-float\" href=\"https:\/\/www.nordseestemplerin.de\/index.php\/stampinup\/\">\n\t\t\t\t\t\t<span class=\"elementor-button-content-wrapper\">\n\t\t\t\t\t\t\t\t\t<span class=\"elementor-button-text\">Hier geht es zu den Katalogen...<\/span>\n\t\t\t\t\t<\/span>\n\t\t\t\t\t<\/a>\n\t\t\t\t<\/div>\n\t\t\t\t\t\t\t\t<\/div>\n\t\t\t\t<\/div>\n\t\t\t\t<div class=\"elementor-element elementor-element-bd191e4 elementor-widget elementor-widget-spacer\" data-id=\"bd191e4\" data-element_type=\"widget\" data-e-type=\"widget\" data-widget_type=\"spacer.default\">\n\t\t\t\t<div class=\"elementor-widget-container\">\n\t\t\t\t\t\t\t<div class=\"elementor-spacer\">\n\t\t\t<div class=\"elementor-spacer-inner\"><\/div>\n\t\t<\/div>\n\t\t\t\t\t\t<\/div>\n\t\t\t\t<\/div>\n\t\t\t\t\t<\/div>\n\t\t<\/div>\n\t\t\t\t<div class=\"elementor-column elementor-col-33 elementor-top-column elementor-element elementor-element-78749477\" data-id=\"78749477\" data-element_type=\"column\" data-e-type=\"column\" data-settings=\"{&quot;background_background&quot;:&quot;classic&quot;}\">\n\t\t\t<div class=\"elementor-widget-wrap elementor-element-populated\">\n\t\t\t\t\t<div class=\"elementor-background-overlay\"><\/div>\n\t\t\t\t\t\t<div class=\"elementor-element elementor-element-72c88181 elementor-widget elementor-widget-heading\" data-id=\"72c88181\" data-element_type=\"widget\" data-e-type=\"widget\" data-widget_type=\"heading.default\">\n\t\t\t\t<div class=\"elementor-widget-container\">\n\t\t\t\t\t<h3 class=\"elementor-heading-title elementor-size-default\"><h2 data-elementor-setting-key=\"title\" data-pen-placeholder=\"Eingabe hier...\" style=\"line-height: 1;font-family: var( --e-global-typography-primary-font-family ), Sans-serif;font-size: 20px;font-style: normal;font-weight: var( --e-global-typography-primary-font-weight );color: var( --e-global-color-primary );letter-spacing: normal\">Stampin' Up! Produkte bestellen<span style=\"font-family: Prata, sans-serif;font-size: 24px;font-weight: 400;letter-spacing: 0px\"><\/span><br><\/h2><\/h3>\t\t\t\t<\/div>\n\t\t\t\t<\/div>\n\t\t\t\t<div class=\"elementor-element elementor-element-69249f94 elementor-widget elementor-widget-text-editor\" data-id=\"69249f94\" data-element_type=\"widget\" data-e-type=\"widget\" data-widget_type=\"text-editor.default\">\n\t\t\t\t<div class=\"elementor-widget-container\">\n\t\t\t\t\t\t\t\t\t<p><span style=\"font-size: 15px; letter-spacing: 0px;\">Du kannst deine gew\u00fcnschten Produkte, \u00fcber mich eine\u00a0 Stampin\u2019Up! Demonstratorin,bestellen.<\/span><\/p><p>Ich werde dir nat\u00fcrlich auch gerne mit Rat und Tat zur Seite stehen.<\/p><p><span style=\"font-size: 15px; letter-spacing: 0px;\">Du m\u00f6chtest gerne was aus den Stampin\u2019Up! Katalogen bei mir bestellen.Du kannst es per Telefon: 04832-6004235,<\/span><\/p><p>WhatsApp: 017646054419 oder mir eine<br \/>Email:\u00a0 info@nordseestemplerin.de<br \/>mit deinen W\u00fcnschen zukommen lassen.<\/p><p>Aber du hast auch die M\u00f6glichkeit, pers\u00f6nlich \u00fcber meinem Onlineshop einkaufen.<\/p><p>Dort kannst du bequem mit deiner Kreditkarte oder auch neu per Paypal bezahlen.<\/p><p>\u00a0<\/p>\t\t\t\t\t\t\t\t<\/div>\n\t\t\t\t<\/div>\n\t\t\t\t<div class=\"elementor-element elementor-element-5ae57c elementor-align-right elementor-widget elementor-widget-button\" data-id=\"5ae57c\" data-element_type=\"widget\" data-e-type=\"widget\" data-widget_type=\"button.default\">\n\t\t\t\t<div class=\"elementor-widget-container\">\n\t\t\t\t\t\t\t\t\t<div class=\"elementor-button-wrapper\">\n\t\t\t\t\t<a class=\"elementor-button elementor-button-link elementor-size-md elementor-animation-float\" href=\"https:\/\/www.stampinup.de?demoid=5016309\">\n\t\t\t\t\t\t<span class=\"elementor-button-content-wrapper\">\n\t\t\t\t\t\t\t\t\t<span class=\"elementor-button-text\">Hier gehts zum shop...<\/span>\n\t\t\t\t\t<\/span>\n\t\t\t\t\t<\/a>\n\t\t\t\t<\/div>\n\t\t\t\t\t\t\t\t<\/div>\n\t\t\t\t<\/div>\n\t\t\t\t<div class=\"elementor-element elementor-element-93ad044 elementor-widget elementor-widget-spacer\" data-id=\"93ad044\" data-element_type=\"widget\" data-e-type=\"widget\" data-widget_type=\"spacer.default\">\n\t\t\t\t<div class=\"elementor-widget-container\">\n\t\t\t\t\t\t\t<div class=\"elementor-spacer\">\n\t\t\t<div class=\"elementor-spacer-inner\"><\/div>\n\t\t<\/div>\n\t\t\t\t\t\t<\/div>\n\t\t\t\t<\/div>\n\t\t\t\t\t<\/div>\n\t\t<\/div>\n\t\t\t\t<div class=\"elementor-column elementor-col-33 elementor-top-column elementor-element elementor-element-6308ca96\" data-id=\"6308ca96\" data-element_type=\"column\" data-e-type=\"column\" data-settings=\"{&quot;background_background&quot;:&quot;classic&quot;}\">\n\t\t\t<div class=\"elementor-widget-wrap elementor-element-populated\">\n\t\t\t\t\t<div class=\"elementor-background-overlay\"><\/div>\n\t\t\t\t\t\t<div class=\"elementor-element elementor-element-ef20d8e elementor-widget elementor-widget-heading\" data-id=\"ef20d8e\" data-element_type=\"widget\" data-e-type=\"widget\" data-widget_type=\"heading.default\">\n\t\t\t\t<div class=\"elementor-widget-container\">\n\t\t\t\t\t<h3 class=\"elementor-heading-title elementor-size-default\"><h2 data-elementor-setting-key=\"title\" data-pen-placeholder=\"Eingabe hier...\" style=\"line-height: 1;font-family: var( --e-global-typography-primary-font-family ), Sans-serif;font-size: 20px;font-style: normal;font-weight: var( --e-global-typography-primary-font-weight );color: var( --e-global-color-primary );letter-spacing: normal\">Demonstrator\/in werden<\/h2><\/h3>\t\t\t\t<\/div>\n\t\t\t\t<\/div>\n\t\t\t\t<div class=\"elementor-element elementor-element-18a3f70b elementor-widget elementor-widget-text-editor\" data-id=\"18a3f70b\" data-element_type=\"widget\" data-e-type=\"widget\" data-widget_type=\"text-editor.default\">\n\t\t\t\t<div class=\"elementor-widget-container\">\n\t\t\t\t\t\t\t\t\t<p>Als Stampin\u2019 Up! Demonstrator\/in, kannst du dein kreatives Hobby zur Leidenschaft machen?<\/p><p>Du kannst mit Nachbarn und Freunden gemeinsame Bastelabende veranstalten oder bei Youtube zum neuen Star werden. Als unabh\u00e4ngige\/r Stampin\u2019 Up! Demonostrator\/in stehen dir alle M\u00f6glichkeiten offen!<\/p><p>JETZT EINSTEIGEN<br \/>Hast du Lust, deine kreative Leidenschaft mit gleichgesinnten zu Teilen?Dann kannst du sofort losgehen! W\u00e4hle f\u00fcr nur 129 \u20ac Produkte im Wert von 175 \u20ac aus und stelle dir damit dein pers\u00f6nliches Starterset zusammen.<\/p><p>Au\u00dferdem legt Stampin&#8217;Up! noch Gesch\u00e4ftsmaterialien, die dir bei deinem Einstieg helfen und einmalig den GRATIS-Versand obendrauf. Greif schnell zu! Wenn du Interesse hast kontaktiere mich gleich mich oder klicke auf &#8222;Demonstrator werden&#8220;, um noch heute in die Gesch\u00e4ftst\u00e4tigkeit zu starten, die genau zu dir passt.<\/p><p>Bitte gib bei der Registrierung meine Demonstrator ID\u00a05016309\u00a0<span style=\"font-size: 14px; color: var( --e-global-color-secondary );\">an.<\/span><\/p>\t\t\t\t\t\t\t\t<\/div>\n\t\t\t\t<\/div>\n\t\t\t\t<div class=\"elementor-element elementor-element-7b358976 elementor-align-right elementor-widget elementor-widget-button\" data-id=\"7b358976\" data-element_type=\"widget\" data-e-type=\"widget\" data-widget_type=\"button.default\">\n\t\t\t\t<div class=\"elementor-widget-container\">\n\t\t\t\t\t\t\t\t\t<div class=\"elementor-button-wrapper\">\n\t\t\t\t\t<a class=\"elementor-button elementor-button-link elementor-size-md elementor-animation-float\" href=\"https:\/\/www.stampinup.de\/join\/?demoid=5016309&#038;viatoken=true\">\n\t\t\t\t\t\t<span class=\"elementor-button-content-wrapper\">\n\t\t\t\t\t\t\t\t\t<span class=\"elementor-button-text\">Demonstrator werden...<\/span>\n\t\t\t\t\t<\/span>\n\t\t\t\t\t<\/a>\n\t\t\t\t<\/div>\n\t\t\t\t\t\t\t\t<\/div>\n\t\t\t\t<\/div>\n\t\t\t\t\t<\/div>\n\t\t<\/div>\n\t\t\t\t\t<\/div>\n\t\t<\/section>\n\t\t\t\t<\/div>\n\t\t","protected":false},"excerpt":{"rendered":"<p>&nbsp; &nbsp; Was genau ist Stampin&#8216; UP!? Stampin&#8216; Up! ist ein Anbieter von Bastelmaterial &#8211; f\u00fcr Karten, Geschenkverpackungen oder Scrapbooking. Das umfangreiche Sortiment von Stampin&#8216; Up! bietet alles was das Bastelherz begehrt. Es gibt unz\u00e4hlige Motivstempelsets, frische Farben als Stempelkissen oder Stampin&#8216; Write Marker oder Blends, durchdachte Werkzeuge, die bei der Gestaltung der pers\u00f6nlichen Note [&hellip;]<\/p>\n","protected":false},"author":2,"featured_media":0,"parent":0,"menu_order":3,"comment_status":"closed","ping_status":"closed","template":"","meta":{"ocean_post_layout":"full-screen","ocean_both_sidebars_style":"","ocean_both_sidebars_content_width":0,"ocean_both_sidebars_sidebars_width":0,"ocean_sidebar":"0","ocean_second_sidebar":"0","ocean_disable_margins":"on","ocean_add_body_class":"","ocean_shortcode_before_top_bar":"","ocean_shortcode_after_top_bar":"","ocean_shortcode_before_header":"","ocean_shortcode_after_header":"","ocean_has_shortcode":"","ocean_shortcode_after_title":"","ocean_shortcode_before_footer_widgets":"","ocean_shortcode_after_footer_widgets":"","ocean_shortcode_before_footer_bottom":"","ocean_shortcode_after_footer_bottom":"","ocean_display_top_bar":"off","ocean_display_header":"on","ocean_header_style":"minimal","ocean_center_header_left_menu":"0","ocean_custom_header_template":"0","ocean_custom_logo":0,"ocean_custom_retina_logo":0,"ocean_custom_logo_max_width":0,"ocean_custom_logo_tablet_max_width":0,"ocean_custom_logo_mobile_max_width":0,"ocean_custom_logo_max_height":0,"ocean_custom_logo_tablet_max_height":0,"ocean_custom_logo_mobile_max_height":0,"ocean_header_custom_menu":"155","ocean_menu_typo_font_family":"0","ocean_menu_typo_font_subset":"","ocean_menu_typo_font_size":0,"ocean_menu_typo_font_size_tablet":0,"ocean_menu_typo_font_size_mobile":0,"ocean_menu_typo_font_size_unit":"px","ocean_menu_typo_font_weight":"","ocean_menu_typo_font_weight_tablet":"","ocean_menu_typo_font_weight_mobile":"","ocean_menu_typo_transform":"","ocean_menu_typo_transform_tablet":"","ocean_menu_typo_transform_mobile":"","ocean_menu_typo_line_height":0,"ocean_menu_typo_line_height_tablet":0,"ocean_menu_typo_line_height_mobile":0,"ocean_menu_typo_line_height_unit":"","ocean_menu_typo_spacing":0,"ocean_menu_typo_spacing_tablet":0,"ocean_menu_typo_spacing_mobile":0,"ocean_menu_typo_spacing_unit":"","ocean_menu_link_color":"","ocean_menu_link_color_hover":"","ocean_menu_link_color_active":"","ocean_menu_link_background":"","ocean_menu_link_hover_background":"","ocean_menu_link_active_background":"","ocean_menu_social_links_bg":"","ocean_menu_social_hover_links_bg":"","ocean_menu_social_links_color":"","ocean_menu_social_hover_links_color":"","ocean_disable_title":"on","ocean_disable_heading":"default","ocean_post_title":"","ocean_post_subheading":"","ocean_post_title_style":"","ocean_post_title_background_color":"","ocean_post_title_background":0,"ocean_post_title_bg_image_position":"","ocean_post_title_bg_image_attachment":"","ocean_post_title_bg_image_repeat":"","ocean_post_title_bg_image_size":"","ocean_post_title_height":0,"ocean_post_title_bg_overlay":0.5,"ocean_post_title_bg_overlay_color":"","ocean_disable_breadcrumbs":"off","ocean_breadcrumbs_color":"","ocean_breadcrumbs_separator_color":"","ocean_breadcrumbs_links_color":"","ocean_breadcrumbs_links_hover_color":"","ocean_display_footer_widgets":"on","ocean_display_footer_bottom":"off","ocean_custom_footer_template":"9482","jetpack_post_was_ever_published":false,"footnotes":""},"class_list":["post-947","page","type-page","status-publish","hentry","entry"],"jetpack_likes_enabled":true,"jetpack_sharing_enabled":true,"_links":{"self":[{"href":"https:\/\/www.nordseestemplerin.de\/index.php\/wp-json\/wp\/v2\/pages\/947","targetHints":{"allow":["GET"]}}],"collection":[{"href":"https:\/\/www.nordseestemplerin.de\/index.php\/wp-json\/wp\/v2\/pages"}],"about":[{"href":"https:\/\/www.nordseestemplerin.de\/index.php\/wp-json\/wp\/v2\/types\/page"}],"author":[{"embeddable":true,"href":"https:\/\/www.nordseestemplerin.de\/index.php\/wp-json\/wp\/v2\/users\/2"}],"replies":[{"embeddable":true,"href":"https:\/\/www.nordseestemplerin.de\/index.php\/wp-json\/wp\/v2\/comments?post=947"}],"version-history":[{"count":26,"href":"https:\/\/www.nordseestemplerin.de\/index.php\/wp-json\/wp\/v2\/pages\/947\/revisions"}],"predecessor-version":[{"id":14541,"href":"https:\/\/www.nordseestemplerin.de\/index.php\/wp-json\/wp\/v2\/pages\/947\/revisions\/14541"}],"wp:attachment":[{"href":"https:\/\/www.nordseestemplerin.de\/index.php\/wp-json\/wp\/v2\/media?parent=947"}],"curies":[{"name":"wp","href":"https:\/\/api.w.org\/{rel}","templated":true}]}}