{"id":8306,"date":"2021-05-17T16:21:49","date_gmt":"2021-05-17T14:21:49","guid":{"rendered":"https:\/\/www.nordseestemplerin.de\/?page_id=8306"},"modified":"2024-11-01T09:13:02","modified_gmt":"2024-11-01T08:13:02","slug":"sammelbestellungen","status":"publish","type":"page","link":"https:\/\/www.nordseestemplerin.de\/index.php\/bestellungen\/sammelbestellungen\/","title":{"rendered":"Sammelbestellungen"},"content":{"rendered":"\t\t<div data-elementor-type=\"wp-page\" data-elementor-id=\"8306\" class=\"elementor elementor-8306\">\n\t\t\t\t\t\t<section class=\"elementor-section elementor-top-section elementor-element elementor-element-5ac0cf28 elementor-section-boxed elementor-section-height-default elementor-section-height-default\" data-id=\"5ac0cf28\" data-element_type=\"section\" data-e-type=\"section\">\n\t\t\t\t\t\t<div class=\"elementor-container elementor-column-gap-default\">\n\t\t\t\t\t<div class=\"elementor-column elementor-col-100 elementor-top-column elementor-element elementor-element-6efa5152\" data-id=\"6efa5152\" data-element_type=\"column\" data-e-type=\"column\">\n\t\t\t<div class=\"elementor-widget-wrap elementor-element-populated\">\n\t\t\t\t\t\t<div class=\"elementor-element elementor-element-349e025a elementor-widget elementor-widget-text-editor\" data-id=\"349e025a\" data-element_type=\"widget\" data-e-type=\"widget\" data-widget_type=\"text-editor.default\">\n\t\t\t\t<div class=\"elementor-widget-container\">\n\t\t\t\t\t\t\t\t\t<p style=\"text-align: center;\">Hallo meine lieben!<\/p>\n<div id=\"1908973037\" class=\"dmRespRow dmDefaultListContentRow\">\n<div id=\"1571821487\" class=\"dmRespColsWrapper\">\n<div id=\"1342650136\" class=\"large-12 medium-12 small-12 dmRespCol\">\n<div id=\"1799479686\" class=\"dmNewParagraph\" data-dmtmpl=\"true\" data-element-type=\"paragraph\" data-version=\"5\">\n<p class=\"size-48 m-size-34\"><strong><span style=\"color: #000080;\">\u00a0 \u00a0 <\/span><\/strong><span style=\"color: #ff0000;\"><strong><span style=\"color: #000080;\">\u00a0\u00a0 Meine\u00a0 n\u00e4chste Sammelbestellung ist am 05. November 2024<\/span><\/strong><br \/><\/span><\/p>\n<\/div>\n<\/div>\n<\/div>\n<\/div>\n<div id=\"1001013408\" class=\"dmRespRow\">\n<div id=\"1313427984\" class=\"dmRespColsWrapper\">\n<div id=\"1719561902\" class=\"dmRespCol large-12 medium-12 small-12\">\n<div id=\"1417020549\" class=\"dmNewParagraph\" data-dmtmpl=\"true\" data-element-type=\"paragraph\" data-version=\"5\" data-uialign=\"center\">\n<h4><span class=\"\">Sammelbestellungen versende ich nur innerhalb Deutschlands! <\/span><\/h4>\n<p>Schick mir bitte deine Bestellung\u00a0 rechtzeitig, bis <strong><span style=\"color: #0000ff;\">sp\u00e4testens am 05 und 19. November 2024 20 Uhr.<\/span><\/strong><br \/>Desweiteren sollte die Stampin&#8216; Up! Bestellung bis zu diesem Tag bezahlt sein.<\/p>\n<p><span class=\"\">Solltest du doch alleine \u00fcber den <\/span><a class=\"font-size-18 m-font-size-13\" href=\"https:\/\/www.stampinup.de\/?demoid=5016309\" target=\"_blank\" rel=\"noopener\" type=\"url\">Online &#8211; Shop<\/a><span class=\"\"> bestellen wollen, dann trage doch am besten den aktuellen <span style=\"color: #ff0000;\">Hostess-Code<strong>\u00a0<span id=\"ContentPlaceHolder1_cphOEX_lblHostessCode\"> XT4PBUAM <\/span><\/strong><\/span><\/span><span class=\"\">ein.<\/span><\/p>\n<p>Aber nur wenn deine Bestellwert unter 200,- \u20ac betr\u00e4gt, sonst erh\u00e4lst du keinen Shoppinvorteil.<span class=\"\"><br \/><\/span><\/p>\n<p style=\"text-align: center;\">Hier m\u00f6chte ich f\u00fcr dich in Zukunft, die Termine f\u00fcr <br \/>die\u00a0 <span style=\"color: #000080;\"><strong>Sammelbestellungen<\/strong> <\/span>festhalten.<\/p>\n<p>Erst einmal so und sp\u00e4ter gibt es ein Kalender, damit du frei entscheiden kannst, wann du deine Bestellung bei mir abgeben m\u00f6chtest.\u00a0<\/p>\n<p style=\"text-align: left;\"><strong>Die Termine: 05. und der 19. November2024<\/strong><\/p>\n<p>\u00a0<\/p>\n<\/div>\n<\/div>\n<\/div>\n<\/div>\n<p><\/p>\n<p><\/p>\t\t\t\t\t\t\t\t<\/div>\n\t\t\t\t<\/div>\n\t\t\t\t\t<\/div>\n\t\t<\/div>\n\t\t\t\t\t<\/div>\n\t\t<\/section>\n\t\t\t\t<\/div>\n\t\t","protected":false},"excerpt":{"rendered":"<p>Hallo meine lieben! \u00a0 \u00a0 \u00a0\u00a0 Meine\u00a0 n\u00e4chste Sammelbestellung ist am 05. November 2024 Sammelbestellungen versende ich nur innerhalb Deutschlands! Schick mir bitte deine Bestellung\u00a0 rechtzeitig, bis sp\u00e4testens am 05 und 19. November 2024 20 Uhr.Desweiteren sollte die Stampin&#8216; Up! Bestellung bis zu diesem Tag bezahlt sein. Solltest du doch alleine \u00fcber den Online &#8211; [&hellip;]<\/p>\n","protected":false},"author":2,"featured_media":0,"parent":8301,"menu_order":2,"comment_status":"closed","ping_status":"closed","template":"","meta":{"ocean_post_layout":"full-screen","ocean_both_sidebars_style":"","ocean_both_sidebars_content_width":0,"ocean_both_sidebars_sidebars_width":0,"ocean_sidebar":"0","ocean_second_sidebar":"0","ocean_disable_margins":"on","ocean_add_body_class":"","ocean_shortcode_before_top_bar":"","ocean_shortcode_after_top_bar":"","ocean_shortcode_before_header":"","ocean_shortcode_after_header":"","ocean_has_shortcode":"","ocean_shortcode_after_title":"","ocean_shortcode_before_footer_widgets":"","ocean_shortcode_after_footer_widgets":"","ocean_shortcode_before_footer_bottom":"","ocean_shortcode_after_footer_bottom":"","ocean_display_top_bar":"off","ocean_display_header":"on","ocean_header_style":"minimal","ocean_center_header_left_menu":"0","ocean_custom_header_template":"0","ocean_custom_logo":0,"ocean_custom_retina_logo":0,"ocean_custom_logo_max_width":0,"ocean_custom_logo_tablet_max_width":0,"ocean_custom_logo_mobile_max_width":0,"ocean_custom_logo_max_height":0,"ocean_custom_logo_tablet_max_height":0,"ocean_custom_logo_mobile_max_height":0,"ocean_header_custom_menu":"155","ocean_menu_typo_font_family":"0","ocean_menu_typo_font_subset":"","ocean_menu_typo_font_size":0,"ocean_menu_typo_font_size_tablet":0,"ocean_menu_typo_font_size_mobile":0,"ocean_menu_typo_font_size_unit":"px","ocean_menu_typo_font_weight":"","ocean_menu_typo_font_weight_tablet":"","ocean_menu_typo_font_weight_mobile":"","ocean_menu_typo_transform":"","ocean_menu_typo_transform_tablet":"","ocean_menu_typo_transform_mobile":"","ocean_menu_typo_line_height":0,"ocean_menu_typo_line_height_tablet":0,"ocean_menu_typo_line_height_mobile":0,"ocean_menu_typo_line_height_unit":"","ocean_menu_typo_spacing":0,"ocean_menu_typo_spacing_tablet":0,"ocean_menu_typo_spacing_mobile":0,"ocean_menu_typo_spacing_unit":"","ocean_menu_link_color":"","ocean_menu_link_color_hover":"","ocean_menu_link_color_active":"","ocean_menu_link_background":"","ocean_menu_link_hover_background":"","ocean_menu_link_active_background":"","ocean_menu_social_links_bg":"","ocean_menu_social_hover_links_bg":"","ocean_menu_social_links_color":"","ocean_menu_social_hover_links_color":"","ocean_disable_title":"on","ocean_disable_heading":"default","ocean_post_title":"","ocean_post_subheading":"","ocean_post_title_style":"","ocean_post_title_background_color":"","ocean_post_title_background":0,"ocean_post_title_bg_image_position":"","ocean_post_title_bg_image_attachment":"","ocean_post_title_bg_image_repeat":"","ocean_post_title_bg_image_size":"","ocean_post_title_height":0,"ocean_post_title_bg_overlay":0.5,"ocean_post_title_bg_overlay_color":"","ocean_disable_breadcrumbs":"off","ocean_breadcrumbs_color":"","ocean_breadcrumbs_separator_color":"","ocean_breadcrumbs_links_color":"","ocean_breadcrumbs_links_hover_color":"","ocean_display_footer_widgets":"on","ocean_display_footer_bottom":"off","ocean_custom_footer_template":"9482","jetpack_post_was_ever_published":false,"footnotes":""},"class_list":["post-8306","page","type-page","status-publish","hentry","entry"],"jetpack_likes_enabled":true,"jetpack_sharing_enabled":true,"_links":{"self":[{"href":"https:\/\/www.nordseestemplerin.de\/index.php\/wp-json\/wp\/v2\/pages\/8306","targetHints":{"allow":["GET"]}}],"collection":[{"href":"https:\/\/www.nordseestemplerin.de\/index.php\/wp-json\/wp\/v2\/pages"}],"about":[{"href":"https:\/\/www.nordseestemplerin.de\/index.php\/wp-json\/wp\/v2\/types\/page"}],"author":[{"embeddable":true,"href":"https:\/\/www.nordseestemplerin.de\/index.php\/wp-json\/wp\/v2\/users\/2"}],"replies":[{"embeddable":true,"href":"https:\/\/www.nordseestemplerin.de\/index.php\/wp-json\/wp\/v2\/comments?post=8306"}],"version-history":[{"count":51,"href":"https:\/\/www.nordseestemplerin.de\/index.php\/wp-json\/wp\/v2\/pages\/8306\/revisions"}],"predecessor-version":[{"id":14506,"href":"https:\/\/www.nordseestemplerin.de\/index.php\/wp-json\/wp\/v2\/pages\/8306\/revisions\/14506"}],"up":[{"embeddable":true,"href":"https:\/\/www.nordseestemplerin.de\/index.php\/wp-json\/wp\/v2\/pages\/8301"}],"wp:attachment":[{"href":"https:\/\/www.nordseestemplerin.de\/index.php\/wp-json\/wp\/v2\/media?parent=8306"}],"curies":[{"name":"wp","href":"https:\/\/api.w.org\/{rel}","templated":true}]}}