{"id":26,"date":"2016-06-09T16:19:02","date_gmt":"2016-06-09T14:19:02","guid":{"rendered":"http:\/\/die-stempelzwerge.de\/?page_id=26"},"modified":"2024-08-31T19:28:52","modified_gmt":"2024-08-31T17:28:52","slug":"stampinup","status":"publish","type":"page","link":"https:\/\/www.nordseestemplerin.de\/index.php\/stampinup\/","title":{"rendered":"Kataloge"},"content":{"rendered":"\t\t<div data-elementor-type=\"wp-page\" data-elementor-id=\"26\" class=\"elementor elementor-26\">\n\t\t\t\t\t\t<section class=\"elementor-section elementor-top-section elementor-element elementor-element-1412cf6c elementor-section-boxed elementor-section-height-default elementor-section-height-default\" data-id=\"1412cf6c\" data-element_type=\"section\" data-e-type=\"section\">\n\t\t\t\t\t\t<div class=\"elementor-container elementor-column-gap-default\">\n\t\t\t\t\t<div class=\"elementor-column elementor-col-100 elementor-top-column elementor-element elementor-element-66f9c66a\" data-id=\"66f9c66a\" data-element_type=\"column\" data-e-type=\"column\">\n\t\t\t<div class=\"elementor-widget-wrap elementor-element-populated\">\n\t\t\t\t\t\t<div class=\"elementor-element elementor-element-7b1265e4 elementor-widget elementor-widget-text-editor\" data-id=\"7b1265e4\" data-element_type=\"widget\" data-e-type=\"widget\" data-widget_type=\"text-editor.default\">\n\t\t\t\t<div class=\"elementor-widget-container\">\n\t\t\t\t\t\t\t\t\t<h1><\/h1>\n&nbsp;\n\n&nbsp;\n<div class=\"separator\" align=\"center\"><\/div>\t\t\t\t\t\t\t\t<\/div>\n\t\t\t\t<\/div>\n\t\t\t\t\t<\/div>\n\t\t<\/div>\n\t\t\t\t\t<\/div>\n\t\t<\/section>\n\t\t\t\t<section class=\"elementor-section elementor-top-section elementor-element elementor-element-5e7fbac elementor-section-boxed elementor-section-height-default elementor-section-height-default\" data-id=\"5e7fbac\" data-element_type=\"section\" data-e-type=\"section\">\n\t\t\t\t\t\t<div class=\"elementor-container elementor-column-gap-default\">\n\t\t\t\t\t<div class=\"elementor-column elementor-col-100 elementor-top-column elementor-element elementor-element-71c099b\" data-id=\"71c099b\" data-element_type=\"column\" data-e-type=\"column\">\n\t\t\t<div class=\"elementor-widget-wrap elementor-element-populated\">\n\t\t\t\t\t\t<div class=\"elementor-element elementor-element-96059fe elementor-widget elementor-widget-heading\" data-id=\"96059fe\" data-element_type=\"widget\" data-e-type=\"widget\" data-widget_type=\"heading.default\">\n\t\t\t\t<div class=\"elementor-widget-container\">\n\t\t\t\t\t<h3 class=\"elementor-heading-title elementor-size-default\">Kataloge<\/h3>\t\t\t\t<\/div>\n\t\t\t\t<\/div>\n\t\t\t\t\t<\/div>\n\t\t<\/div>\n\t\t\t\t\t<\/div>\n\t\t<\/section>\n\t\t\t\t<section class=\"elementor-section elementor-top-section elementor-element elementor-element-c27207b elementor-section-boxed elementor-section-height-default elementor-section-height-default\" data-id=\"c27207b\" data-element_type=\"section\" data-e-type=\"section\">\n\t\t\t\t\t\t<div class=\"elementor-container elementor-column-gap-default\">\n\t\t\t\t\t<div class=\"elementor-column elementor-col-33 elementor-top-column elementor-element elementor-element-31ef2de\" data-id=\"31ef2de\" data-element_type=\"column\" data-e-type=\"column\">\n\t\t\t<div class=\"elementor-widget-wrap elementor-element-populated\">\n\t\t\t\t\t\t<div class=\"elementor-element elementor-element-a17d2a1 elementor-widget elementor-widget-heading\" data-id=\"a17d2a1\" data-element_type=\"widget\" data-e-type=\"widget\" data-widget_type=\"heading.default\">\n\t\t\t\t<div class=\"elementor-widget-container\">\n\t\t\t\t\t<h2 class=\"elementor-heading-title elementor-size-default\">Minikatalog<\/h2>\t\t\t\t<\/div>\n\t\t\t\t<\/div>\n\t\t\t\t<div class=\"elementor-element elementor-element-2ff3363 elementor-widget elementor-widget-image\" data-id=\"2ff3363\" data-element_type=\"widget\" data-e-type=\"widget\" data-widget_type=\"image.default\">\n\t\t\t\t<div class=\"elementor-widget-container\">\n\t\t\t\t\t\t\t\t\t\t\t\t\t\t\t<img fetchpriority=\"high\" decoding=\"async\" width=\"1200\" height=\"1200\" src=\"https:\/\/www.nordseestemplerin.de\/wp-content\/uploads\/2024\/08\/demo_dash_hpnd_all-de_0724_sd_mini_catalog_pdf.webp\" class=\"attachment-1536x1536 size-1536x1536 wp-image-14178\" alt=\"\" srcset=\"https:\/\/www.nordseestemplerin.de\/wp-content\/uploads\/2024\/08\/demo_dash_hpnd_all-de_0724_sd_mini_catalog_pdf.webp 1200w, https:\/\/www.nordseestemplerin.de\/wp-content\/uploads\/2024\/08\/demo_dash_hpnd_all-de_0724_sd_mini_catalog_pdf-300x300.webp 300w, https:\/\/www.nordseestemplerin.de\/wp-content\/uploads\/2024\/08\/demo_dash_hpnd_all-de_0724_sd_mini_catalog_pdf-1024x1024.webp 1024w, https:\/\/www.nordseestemplerin.de\/wp-content\/uploads\/2024\/08\/demo_dash_hpnd_all-de_0724_sd_mini_catalog_pdf-150x150.webp 150w, https:\/\/www.nordseestemplerin.de\/wp-content\/uploads\/2024\/08\/demo_dash_hpnd_all-de_0724_sd_mini_catalog_pdf-768x768.webp 768w, https:\/\/www.nordseestemplerin.de\/wp-content\/uploads\/2024\/08\/demo_dash_hpnd_all-de_0724_sd_mini_catalog_pdf-600x600.webp 600w\" sizes=\"(max-width: 1200px) 100vw, 1200px\" \/>\t\t\t\t\t\t\t\t\t\t\t\t\t\t\t<\/div>\n\t\t\t\t<\/div>\n\t\t\t\t<div class=\"elementor-element elementor-element-3084be3 elementor-widget elementor-widget-text-editor\" data-id=\"3084be3\" data-element_type=\"widget\" data-e-type=\"widget\" data-widget_type=\"text-editor.default\">\n\t\t\t\t<div class=\"elementor-widget-container\">\n\t\t\t\t\t\t\t\t\t<p>Den neuen Minikatalog September &#8211; Dezember 2024 kannst du <a href=\"https:\/\/issuu.com\/stampinup\/docs\/sd223_de_de?fr=xKAE9_zU1NQ\" target=\"_blank\" rel=\"noopener\">hier<\/a> herunterladen.<br \/>Link folgt.<\/p>\t\t\t\t\t\t\t\t<\/div>\n\t\t\t\t<\/div>\n\t\t\t\t<div class=\"elementor-element elementor-element-afccbf3 elementor-widget elementor-widget-text-editor\" data-id=\"afccbf3\" data-element_type=\"widget\" data-e-type=\"widget\" data-widget_type=\"text-editor.default\">\n\t\t\t\t<div class=\"elementor-widget-container\">\n\t\t\t\t\t\t\t\t\t<p>Du m\u00f6chtest ihn lieber in Papierform vor dir liegen haben?<br \/>Dann bestell ihn dir gern bei mir.<\/p>\t\t\t\t\t\t\t\t<\/div>\n\t\t\t\t<\/div>\n\t\t\t\t\t<\/div>\n\t\t<\/div>\n\t\t\t\t<div class=\"elementor-column elementor-col-33 elementor-top-column elementor-element elementor-element-53ebd35\" data-id=\"53ebd35\" data-element_type=\"column\" data-e-type=\"column\">\n\t\t\t<div class=\"elementor-widget-wrap elementor-element-populated\">\n\t\t\t\t\t\t<div class=\"elementor-element elementor-element-5a0437e elementor-widget elementor-widget-heading\" data-id=\"5a0437e\" data-element_type=\"widget\" data-e-type=\"widget\" data-widget_type=\"heading.default\">\n\t\t\t\t<div class=\"elementor-widget-container\">\n\t\t\t\t\t<h2 class=\"elementor-heading-title elementor-size-default\">Sale-A-bration! Brosch\u00fcre<\/h2>\t\t\t\t<\/div>\n\t\t\t\t<\/div>\n\t\t\t\t<div class=\"elementor-element elementor-element-13a86cb elementor-widget elementor-widget-text-editor\" data-id=\"13a86cb\" data-element_type=\"widget\" data-e-type=\"widget\" data-widget_type=\"text-editor.default\">\n\t\t\t\t<div class=\"elementor-widget-container\">\n\t\t\t\t\t\t\t\t\t<p>Bei der&nbsp; Sale-A-Bration! warten viele tolle Pr\u00e4mien auf dich.<br>Los geht es ab einem Bestellwert von 60\u20ac.<\/p>\n<p>Aktuell gibt es keine Sale-A-Bration.<\/p><p>Bild folgt bei der n\u00e4chsten Sale &#8211; A &#8211; Bration.<br><\/p>\n<p>Sobald die n\u00e4chte Startet bekommst du die Brosch\u00fcre hier.<\/p>\t\t\t\t\t\t\t\t<\/div>\n\t\t\t\t<\/div>\n\t\t\t\t<div class=\"elementor-element elementor-element-6ff060b elementor-widget__width-initial elementor-widget elementor-widget-text-editor\" data-id=\"6ff060b\" data-element_type=\"widget\" data-e-type=\"widget\" data-widget_type=\"text-editor.default\">\n\t\t\t\t<div class=\"elementor-widget-container\">\n\t\t\t\t\t\t\t\t\t<h1><span style=\"color: #333399;\">Scapbooking<strong> &#8211; Brosch\u00fcre<\/strong><\/span><\/h1><h4><span style=\"font-weight: normal; color: #333399;\">Die neue Scrapbooking &#8211; Brosch\u00fcre, ist da.Diese Brosch\u00fcre hat seine G\u00fcltigkeit vom September bis Dezember 2024<br \/><\/span><\/h4>\t\t\t\t\t\t\t\t<\/div>\n\t\t\t\t<\/div>\n\t\t\t\t<div class=\"elementor-element elementor-element-b468897 elementor-widget elementor-widget-image\" data-id=\"b468897\" data-element_type=\"widget\" data-e-type=\"widget\" data-widget_type=\"image.default\">\n\t\t\t\t<div class=\"elementor-widget-container\">\n\t\t\t\t\t\t\t\t\t\t\t\t\t\t\t\t<a href=\"https:\/\/su-media.s3.amazonaws.com\/media\/Promotions\/2024\/09_Scrapbooking_Supplement\/2024_SCRAPBOOKING_SUPPLEMENT_DE.pdf\" target=\"_blank\" rel=\"nofollow\">\n\t\t\t\t\t\t\t<img decoding=\"async\" width=\"900\" height=\"570\" src=\"https:\/\/www.nordseestemplerin.de\/wp-content\/uploads\/2024\/08\/demo_mktl_fly_th_de_0924_ctmh.webp\" class=\"attachment-1536x1536 size-1536x1536 wp-image-14227\" alt=\"\" srcset=\"https:\/\/www.nordseestemplerin.de\/wp-content\/uploads\/2024\/08\/demo_mktl_fly_th_de_0924_ctmh.webp 900w, https:\/\/www.nordseestemplerin.de\/wp-content\/uploads\/2024\/08\/demo_mktl_fly_th_de_0924_ctmh-300x190.webp 300w, https:\/\/www.nordseestemplerin.de\/wp-content\/uploads\/2024\/08\/demo_mktl_fly_th_de_0924_ctmh-768x486.webp 768w\" sizes=\"(max-width: 900px) 100vw, 900px\" \/>\t\t\t\t\t\t\t\t<\/a>\n\t\t\t\t\t\t\t\t\t\t\t\t\t\t\t<\/div>\n\t\t\t\t<\/div>\n\t\t\t\t\t<\/div>\n\t\t<\/div>\n\t\t\t\t<div class=\"elementor-column elementor-col-33 elementor-top-column elementor-element elementor-element-99a582d\" data-id=\"99a582d\" data-element_type=\"column\" data-e-type=\"column\">\n\t\t\t<div class=\"elementor-widget-wrap elementor-element-populated\">\n\t\t\t\t\t\t<div class=\"elementor-element elementor-element-b2b9f66 elementor-widget elementor-widget-heading\" data-id=\"b2b9f66\" data-element_type=\"widget\" data-e-type=\"widget\" data-widget_type=\"heading.default\">\n\t\t\t\t<div class=\"elementor-widget-container\">\n\t\t\t\t\t<h2 class=\"elementor-heading-title elementor-size-default\">Jahreskatalog<\/h2>\t\t\t\t<\/div>\n\t\t\t\t<\/div>\n\t\t\t\t<div class=\"elementor-element elementor-element-4f0852d elementor-widget elementor-widget-text-editor\" data-id=\"4f0852d\" data-element_type=\"widget\" data-e-type=\"widget\" data-widget_type=\"text-editor.default\">\n\t\t\t\t<div class=\"elementor-widget-container\">\n\t\t\t\t\t\t\t\t\t<p><span style=\"font-size: 16px;\">Im Jahreskatalog 2024 &#8211; 2025 findest du Stempelsets, Stanzen, alle aktuellen Farben und jede Menge Zubeh\u00f6r von Stampin&#8216; Up! <\/span><a style=\"font-size: 16px; background-color: #ffffff;\" href=\"https:\/\/su-media.s3.amazonaws.com\/media\/catalogs\/2021-2022-Annual-Catalog\/AC_21-22_de_DE.pdf\" target=\"_blank\" rel=\"noopener\">Hier<\/a><span style=\"font-size: 16px;\"> kannst du ihn dir ansehen und herunterladen.<\/span><\/p><p>Oder du st\u00f6berst direkt in meinem\u00a0<a href=\"https:\/\/www.stampinup.de?demoid=5016309\" target=\"_blank\" rel=\"noopener\">Onlineshop<\/a>.<\/p>\t\t\t\t\t\t\t\t<\/div>\n\t\t\t\t<\/div>\n\t\t\t\t<div class=\"elementor-element elementor-element-d922ed7 elementor-widget elementor-widget-image\" data-id=\"d922ed7\" data-element_type=\"widget\" data-e-type=\"widget\" data-widget_type=\"image.default\">\n\t\t\t\t<div class=\"elementor-widget-container\">\n\t\t\t\t\t\t\t\t\t\t\t\t\t\t\t\t<a href=\"https:\/\/issuu.com\/stampinup\/docs\/ac24_de_de?fr=xKAE9_zU1NQ\" target=\"_blank\" rel=\"nofollow\">\n\t\t\t\t\t\t\t<img decoding=\"async\" width=\"1024\" height=\"577\" src=\"https:\/\/www.nordseestemplerin.de\/wp-content\/uploads\/2024\/03\/Der-neue-Jahreskatalog-2023-2024-ist-da.-Moechtest-du-auch-einen-haben-Dann-melde-dich-bei-mir.-Instagram-Post-Quadratisch-Facebook-Titelbilder10-1024x577.jpg\" class=\"attachment-large size-large wp-image-13684\" alt=\"\" srcset=\"https:\/\/www.nordseestemplerin.de\/wp-content\/uploads\/2024\/03\/Der-neue-Jahreskatalog-2023-2024-ist-da.-Moechtest-du-auch-einen-haben-Dann-melde-dich-bei-mir.-Instagram-Post-Quadratisch-Facebook-Titelbilder10-1024x577.jpg 1024w, https:\/\/www.nordseestemplerin.de\/wp-content\/uploads\/2024\/03\/Der-neue-Jahreskatalog-2023-2024-ist-da.-Moechtest-du-auch-einen-haben-Dann-melde-dich-bei-mir.-Instagram-Post-Quadratisch-Facebook-Titelbilder10-768x433.jpg 768w, https:\/\/www.nordseestemplerin.de\/wp-content\/uploads\/2024\/03\/Der-neue-Jahreskatalog-2023-2024-ist-da.-Moechtest-du-auch-einen-haben-Dann-melde-dich-bei-mir.-Instagram-Post-Quadratisch-Facebook-Titelbilder10-1536x865.jpg 1536w\" sizes=\"(max-width: 1024px) 100vw, 1024px\" \/>\t\t\t\t\t\t\t\t<\/a>\n\t\t\t\t\t\t\t\t\t\t\t\t\t\t\t<\/div>\n\t\t\t\t<\/div>\n\t\t\t\t\t<\/div>\n\t\t<\/div>\n\t\t\t\t\t<\/div>\n\t\t<\/section>\n\t\t\t\t<section class=\"elementor-section elementor-top-section elementor-element elementor-element-f2003b9 elementor-section-boxed elementor-section-height-default elementor-section-height-default\" data-id=\"f2003b9\" data-element_type=\"section\" data-e-type=\"section\">\n\t\t\t\t\t\t<div class=\"elementor-container elementor-column-gap-default\">\n\t\t\t\t\t<div class=\"elementor-column elementor-col-100 elementor-top-column elementor-element elementor-element-2dffaf6\" data-id=\"2dffaf6\" data-element_type=\"column\" data-e-type=\"column\">\n\t\t\t<div class=\"elementor-widget-wrap elementor-element-populated\">\n\t\t\t\t\t\t<div class=\"elementor-element elementor-element-cece517 elementor-widget elementor-widget-text-editor\" data-id=\"cece517\" data-element_type=\"widget\" data-e-type=\"widget\" data-widget_type=\"text-editor.default\">\n\t\t\t\t<div class=\"elementor-widget-container\">\n\t\t\t\t\t\t\t\t\t<p>Lorem ipsum dolor sit amet, consectetur adipiscing elit. Ut elit tellus, luctus nec ullamcorper mattis, pulvinar dapibus leo.<\/p>\t\t\t\t\t\t\t\t<\/div>\n\t\t\t\t<\/div>\n\t\t\t\t\t<\/div>\n\t\t<\/div>\n\t\t\t\t\t<\/div>\n\t\t<\/section>\n\t\t\t\t<\/div>\n\t\t","protected":false},"excerpt":{"rendered":"<p>&nbsp; &nbsp; Kataloge Minikatalog Den neuen Minikatalog September &#8211; Dezember 2024 kannst du hier herunterladen.Link folgt. Du m\u00f6chtest ihn lieber in Papierform vor dir liegen haben?Dann bestell ihn dir gern bei mir. Sale-A-bration! Brosch\u00fcre Bei der&nbsp; Sale-A-Bration! warten viele tolle Pr\u00e4mien auf dich.Los geht es ab einem Bestellwert von 60\u20ac. Aktuell gibt es keine Sale-A-Bration. [&hellip;]<\/p>\n","protected":false},"author":2,"featured_media":0,"parent":0,"menu_order":4,"comment_status":"closed","ping_status":"closed","template":"","meta":{"ocean_post_layout":"full-screen","ocean_both_sidebars_style":"","ocean_both_sidebars_content_width":0,"ocean_both_sidebars_sidebars_width":0,"ocean_sidebar":"0","ocean_second_sidebar":"0","ocean_disable_margins":"on","ocean_add_body_class":"","ocean_shortcode_before_top_bar":"","ocean_shortcode_after_top_bar":"","ocean_shortcode_before_header":"","ocean_shortcode_after_header":"","ocean_has_shortcode":"","ocean_shortcode_after_title":"","ocean_shortcode_before_footer_widgets":"","ocean_shortcode_after_footer_widgets":"","ocean_shortcode_before_footer_bottom":"","ocean_shortcode_after_footer_bottom":"","ocean_display_top_bar":"off","ocean_display_header":"on","ocean_header_style":"minimal","ocean_center_header_left_menu":"0","ocean_custom_header_template":"0","ocean_custom_logo":0,"ocean_custom_retina_logo":0,"ocean_custom_logo_max_width":0,"ocean_custom_logo_tablet_max_width":0,"ocean_custom_logo_mobile_max_width":0,"ocean_custom_logo_max_height":0,"ocean_custom_logo_tablet_max_height":0,"ocean_custom_logo_mobile_max_height":0,"ocean_header_custom_menu":"155","ocean_menu_typo_font_family":"0","ocean_menu_typo_font_subset":"","ocean_menu_typo_font_size":0,"ocean_menu_typo_font_size_tablet":0,"ocean_menu_typo_font_size_mobile":0,"ocean_menu_typo_font_size_unit":"px","ocean_menu_typo_font_weight":"","ocean_menu_typo_font_weight_tablet":"","ocean_menu_typo_font_weight_mobile":"","ocean_menu_typo_transform":"","ocean_menu_typo_transform_tablet":"","ocean_menu_typo_transform_mobile":"","ocean_menu_typo_line_height":0,"ocean_menu_typo_line_height_tablet":0,"ocean_menu_typo_line_height_mobile":0,"ocean_menu_typo_line_height_unit":"","ocean_menu_typo_spacing":0,"ocean_menu_typo_spacing_tablet":0,"ocean_menu_typo_spacing_mobile":0,"ocean_menu_typo_spacing_unit":"","ocean_menu_link_color":"","ocean_menu_link_color_hover":"","ocean_menu_link_color_active":"","ocean_menu_link_background":"","ocean_menu_link_hover_background":"","ocean_menu_link_active_background":"","ocean_menu_social_links_bg":"","ocean_menu_social_hover_links_bg":"","ocean_menu_social_links_color":"","ocean_menu_social_hover_links_color":"","ocean_disable_title":"on","ocean_disable_heading":"default","ocean_post_title":"","ocean_post_subheading":"","ocean_post_title_style":"","ocean_post_title_background_color":"","ocean_post_title_background":0,"ocean_post_title_bg_image_position":"","ocean_post_title_bg_image_attachment":"","ocean_post_title_bg_image_repeat":"","ocean_post_title_bg_image_size":"","ocean_post_title_height":0,"ocean_post_title_bg_overlay":0.5,"ocean_post_title_bg_overlay_color":"","ocean_disable_breadcrumbs":"off","ocean_breadcrumbs_color":"","ocean_breadcrumbs_separator_color":"","ocean_breadcrumbs_links_color":"","ocean_breadcrumbs_links_hover_color":"","ocean_display_footer_widgets":"on","ocean_display_footer_bottom":"off","ocean_custom_footer_template":"9482","jetpack_post_was_ever_published":false,"footnotes":""},"class_list":["post-26","page","type-page","status-publish","hentry","entry"],"jetpack_likes_enabled":true,"jetpack_sharing_enabled":true,"_links":{"self":[{"href":"https:\/\/www.nordseestemplerin.de\/index.php\/wp-json\/wp\/v2\/pages\/26","targetHints":{"allow":["GET"]}}],"collection":[{"href":"https:\/\/www.nordseestemplerin.de\/index.php\/wp-json\/wp\/v2\/pages"}],"about":[{"href":"https:\/\/www.nordseestemplerin.de\/index.php\/wp-json\/wp\/v2\/types\/page"}],"author":[{"embeddable":true,"href":"https:\/\/www.nordseestemplerin.de\/index.php\/wp-json\/wp\/v2\/users\/2"}],"replies":[{"embeddable":true,"href":"https:\/\/www.nordseestemplerin.de\/index.php\/wp-json\/wp\/v2\/comments?post=26"}],"version-history":[{"count":111,"href":"https:\/\/www.nordseestemplerin.de\/index.php\/wp-json\/wp\/v2\/pages\/26\/revisions"}],"predecessor-version":[{"id":14261,"href":"https:\/\/www.nordseestemplerin.de\/index.php\/wp-json\/wp\/v2\/pages\/26\/revisions\/14261"}],"wp:attachment":[{"href":"https:\/\/www.nordseestemplerin.de\/index.php\/wp-json\/wp\/v2\/media?parent=26"}],"curies":[{"name":"wp","href":"https:\/\/api.w.org\/{rel}","templated":true}]}}